{"id":34,"date":"2017-11-06T16:41:22","date_gmt":"2017-11-06T15:41:22","guid":{"rendered":"https:\/\/gite-les-cailloux.com\/?page_id=34"},"modified":"2017-12-18T16:38:27","modified_gmt":"2017-12-18T15:38:27","slug":"jardin","status":"publish","type":"page","link":"https:\/\/gite-les-cailloux.com\/index.php\/jardin\/","title":{"rendered":"Jardin"},"content":{"rendered":"","protected":false},"excerpt":{"rendered":"","protected":false},"author":1,"featured_media":0,"parent":0,"menu_order":0,"comment_status":"closed","ping_status":"closed","template":"","meta":[],"yoast_head":"<!-- This site is optimized with the Yoast SEO plugin v20.6 - https:\/\/yoast.com\/wordpress\/plugins\/seo\/ -->\n<title>Jardin - G\u00eete les Cailloux<\/title>\n<meta name=\"robots\" content=\"index, follow, max-snippet:-1, max-image-preview:large, max-video-preview:-1\" \/>\n<link rel=\"canonical\" href=\"https:\/\/gite-les-cailloux.com\/index.php\/jardin\/\" \/>\n<meta property=\"og:locale\" content=\"fr_FR\" \/>\n<meta property=\"og:type\" content=\"article\" \/>\n<meta property=\"og:title\" content=\"Jardin - G\u00eete les Cailloux\" \/>\n<meta property=\"og:url\" content=\"https:\/\/gite-les-cailloux.com\/index.php\/jardin\/\" \/>\n<meta property=\"og:site_name\" content=\"G\u00eete les Cailloux\" \/>\n<meta property=\"article:publisher\" content=\"https:\/\/www.facebook.com\/gitelescailloux\" \/>\n<meta property=\"article:modified_time\" content=\"2017-12-18T15:38:27+00:00\" \/>\n<meta name=\"twitter:card\" content=\"summary_large_image\" \/>\n<script type=\"application\/ld+json\" class=\"yoast-schema-graph\">{\"@context\":\"https:\/\/schema.org\",\"@graph\":[{\"@type\":\"WebPage\",\"@id\":\"https:\/\/gite-les-cailloux.com\/index.php\/jardin\/\",\"url\":\"https:\/\/gite-les-cailloux.com\/index.php\/jardin\/\",\"name\":\"Jardin - G\u00eete les Cailloux\",\"isPartOf\":{\"@id\":\"https:\/\/gite-les-cailloux.com\/#website\"},\"datePublished\":\"2017-11-06T15:41:22+00:00\",\"dateModified\":\"2017-12-18T15:38:27+00:00\",\"breadcrumb\":{\"@id\":\"https:\/\/gite-les-cailloux.com\/index.php\/jardin\/#breadcrumb\"},\"inLanguage\":\"fr-FR\",\"potentialAction\":[{\"@type\":\"ReadAction\",\"target\":[\"https:\/\/gite-les-cailloux.com\/index.php\/jardin\/\"]}]},{\"@type\":\"BreadcrumbList\",\"@id\":\"https:\/\/gite-les-cailloux.com\/index.php\/jardin\/#breadcrumb\",\"itemListElement\":[{\"@type\":\"ListItem\",\"position\":1,\"name\":\"Accueil\",\"item\":\"https:\/\/gite-les-cailloux.com\/\"},{\"@type\":\"ListItem\",\"position\":2,\"name\":\"Jardin\"}]},{\"@type\":\"WebSite\",\"@id\":\"https:\/\/gite-les-cailloux.com\/#website\",\"url\":\"https:\/\/gite-les-cailloux.com\/\",\"name\":\"G\u00eete les Cailloux\",\"description\":\"Maison de vacances au c\u0153ur des Ch\u00e2teaux de la Loire\",\"potentialAction\":[{\"@type\":\"SearchAction\",\"target\":{\"@type\":\"EntryPoint\",\"urlTemplate\":\"https:\/\/gite-les-cailloux.com\/?s={search_term_string}\"},\"query-input\":\"required name=search_term_string\"}],\"inLanguage\":\"fr-FR\"}]}<\/script>\n<!-- \/ Yoast SEO plugin. -->","yoast_head_json":{"title":"Jardin - G\u00eete les Cailloux","robots":{"index":"index","follow":"follow","max-snippet":"max-snippet:-1","max-image-preview":"max-image-preview:large","max-video-preview":"max-video-preview:-1"},"canonical":"https:\/\/gite-les-cailloux.com\/index.php\/jardin\/","og_locale":"fr_FR","og_type":"article","og_title":"Jardin - G\u00eete les Cailloux","og_url":"https:\/\/gite-les-cailloux.com\/index.php\/jardin\/","og_site_name":"G\u00eete les Cailloux","article_publisher":"https:\/\/www.facebook.com\/gitelescailloux","article_modified_time":"2017-12-18T15:38:27+00:00","twitter_card":"summary_large_image","schema":{"@context":"https:\/\/schema.org","@graph":[{"@type":"WebPage","@id":"https:\/\/gite-les-cailloux.com\/index.php\/jardin\/","url":"https:\/\/gite-les-cailloux.com\/index.php\/jardin\/","name":"Jardin - G\u00eete les Cailloux","isPartOf":{"@id":"https:\/\/gite-les-cailloux.com\/#website"},"datePublished":"2017-11-06T15:41:22+00:00","dateModified":"2017-12-18T15:38:27+00:00","breadcrumb":{"@id":"https:\/\/gite-les-cailloux.com\/index.php\/jardin\/#breadcrumb"},"inLanguage":"fr-FR","potentialAction":[{"@type":"ReadAction","target":["https:\/\/gite-les-cailloux.com\/index.php\/jardin\/"]}]},{"@type":"BreadcrumbList","@id":"https:\/\/gite-les-cailloux.com\/index.php\/jardin\/#breadcrumb","itemListElement":[{"@type":"ListItem","position":1,"name":"Accueil","item":"https:\/\/gite-les-cailloux.com\/"},{"@type":"ListItem","position":2,"name":"Jardin"}]},{"@type":"WebSite","@id":"https:\/\/gite-les-cailloux.com\/#website","url":"https:\/\/gite-les-cailloux.com\/","name":"G\u00eete les Cailloux","description":"Maison de vacances au c\u0153ur des Ch\u00e2teaux de la Loire","potentialAction":[{"@type":"SearchAction","target":{"@type":"EntryPoint","urlTemplate":"https:\/\/gite-les-cailloux.com\/?s={search_term_string}"},"query-input":"required name=search_term_string"}],"inLanguage":"fr-FR"}]}},"_links":{"self":[{"href":"https:\/\/gite-les-cailloux.com\/index.php\/wp-json\/wp\/v2\/pages\/34"}],"collection":[{"href":"https:\/\/gite-les-cailloux.com\/index.php\/wp-json\/wp\/v2\/pages"}],"about":[{"href":"https:\/\/gite-les-cailloux.com\/index.php\/wp-json\/wp\/v2\/types\/page"}],"author":[{"embeddable":true,"href":"https:\/\/gite-les-cailloux.com\/index.php\/wp-json\/wp\/v2\/users\/1"}],"replies":[{"embeddable":true,"href":"https:\/\/gite-les-cailloux.com\/index.php\/wp-json\/wp\/v2\/comments?post=34"}],"version-history":[{"count":0,"href":"https:\/\/gite-les-cailloux.com\/index.php\/wp-json\/wp\/v2\/pages\/34\/revisions"}],"wp:attachment":[{"href":"https:\/\/gite-les-cailloux.com\/index.php\/wp-json\/wp\/v2\/media?parent=34"}],"curies":[{"name":"wp","href":"https:\/\/api.w.org\/{rel}","templated":true}]}}